{"id":260,"date":"2020-12-13T12:20:28","date_gmt":"2020-12-13T15:20:28","guid":{"rendered":"http:\/\/edi.ubiobio.cl\/?page_id=260"},"modified":"2020-12-13T13:12:15","modified_gmt":"2020-12-13T16:12:15","slug":"archivo-multimedia","status":"publish","type":"page","link":"http:\/\/edi.ubiobio.cl\/?page_id=260","title":{"rendered":"ARCHIVO MULTIMEDIA"},"content":{"rendered":"<div class=\"fusion-fullwidth fullwidth-box fusion-builder-row-1 fusion-flex-container nonhundred-percent-fullwidth non-hundred-percent-height-scrolling\" style=\"background-color: rgba(255,255,255,0);background-position: center center;background-repeat: no-repeat;border-width: 0px 0px 0px 0px;border-color:#e2e2e2;border-style:solid;\" ><div class=\"fusion-builder-row fusion-row fusion-flex-align-items-flex-start\" style=\"max-width:1248px;margin-left: calc(-4% \/ 2 );margin-right: calc(-4% \/ 2 );\"><div class=\"fusion-layout-column fusion_builder_column fusion-builder-column-0 fusion_builder_column_1_1 1_1 fusion-flex-column\"><div class=\"fusion-column-wrapper fusion-flex-justify-content-flex-start fusion-content-layout-column\" style=\"background-position:left top;background-repeat:no-repeat;-webkit-background-size:cover;-moz-background-size:cover;-o-background-size:cover;background-size:cover;padding: 0px 0px 0px 0px;\"><div class=\"fusion-blog-shortcode fusion-blog-shortcode-1 fusion-blog-archive fusion-blog-layout-grid-wrapper fusion-blog-pagination\"><style type=\"text\/css\">.fusion-blog-shortcode-1 .fusion-blog-layout-grid .fusion-post-grid{padding:20px;}.fusion-blog-shortcode-1 .fusion-posts-container{margin-left: -20px !important; margin-right:-20px !important;}<\/style><div class=\"fusion-posts-container fusion-posts-container-pagination fusion-no-meta-info fusion-blog-rollover fusion-blog-layout-grid fusion-blog-layout-grid-4 isotope fusion-blog-equal-heights\" data-pages=\"1\" data-grid-col-space=\"40\" style=\"margin: -20px -20px 0;min-height:500px;\"><article id=\"blog-1-post-344\" class=\"fusion-post-grid has-post-thumbnail post-344 post type-post status-publish format-video hentry category-multimedia post_format-post-format-video\">\n<div class=\"fusion-post-wrapper\" style=\"background-color:rgba(255,255,255,0);border:1px solid #f2f3f5;border-bottom-width:3px;\">\n\n\t\t\t<div class=\"fusion-flexslider flexslider fusion-flexslider-loading fusion-post-slideshow\" style=\"border-color:#f2f3f5;\">\n\t\t<ul class=\"slides\">\n\t\t\t\t\t\t\t<li>\n\t\t\t\t\t<div class=\"full-video\"><iframe width=\"560\" height=\"315\" src=\"https:\/\/www.youtube.com\/embed\/2fBm_xTWsIk\" frameborder=\"0\" allow=\"accelerometer; autoplay; clipboard-write; encrypted-media; gyroscope; picture-in-picture\" allowfullscreen><\/iframe><\/div>\n\t\t\t\t<\/li>\n\t\t\t\n\t\t\t\t\t\t\n\t\t\t\n\t\t\t\t\t\t\t\t\t\t\t\t\t\t\t\t\t\t\t\t\t\t\t\t\t\t\t\t\t\t\t\t\t\t\t\t\t\t\t\t\t\t\t\t\t\t\t\t\t\t\t\t\t\t\t\t\t\t\t\t\t\t\t\t\t\t\t\t<\/ul>\n\t<\/div>\n\t<div class=\"fusion-post-content-wrapper\" style=\"padding:30px 25px 25px 25px;\"><div class=\"fusion-post-content post-content\"><h2 class=\"blog-shortcode-post-title entry-title\">CONMEMORACI\u00d3N 8M<\/h2><div class=\"fusion-post-content-container\"><p><\/p><\/div><\/div><\/div><div class=\"fusion-clearfix\"><\/div><\/div>\n<\/article>\n<article id=\"blog-1-post-58\" class=\"fusion-post-grid has-post-thumbnail post-58 post type-post status-publish format-video hentry category-multimedia post_format-post-format-video\">\n<div class=\"fusion-post-wrapper\" style=\"background-color:rgba(255,255,255,0);border:1px solid #f2f3f5;border-bottom-width:3px;\">\n\n\t\t\t<div class=\"fusion-flexslider flexslider fusion-flexslider-loading fusion-post-slideshow\" style=\"border-color:#f2f3f5;\">\n\t\t<ul class=\"slides\">\n\t\t\t\t\t\t\t<li>\n\t\t\t\t\t<div class=\"full-video\"><iframe width=\"560\" height=\"315\" src=\"https:\/\/www.youtube.com\/embed\/NyOzEt2xaNQ\" frameborder=\"0\" allow=\"accelerometer; autoplay; clipboard-write; encrypted-media; gyroscope; picture-in-picture\" allowfullscreen><\/iframe><\/div>\n\t\t\t\t<\/li>\n\t\t\t\n\t\t\t\t\t\t\n\t\t\t\n\t\t\t\t\t\t\t\t\t\t\t\t\t\t\t\t\t\t\t\t\t\t\t\t\t\t\t\t\t\t\t\t\t\t\t\t\t\t\t\t\t\t\t\t\t\t\t\t\t\t\t\t\t\t\t\t\t\t\t\t\t\t\t\t\t\t\t\t<\/ul>\n\t<\/div>\n\t<div class=\"fusion-post-content-wrapper\" style=\"padding:30px 25px 25px 25px;\"><div class=\"fusion-post-content post-content\"><h2 class=\"blog-shortcode-post-title entry-title\">Premiaci\u00f3n Concurso Aniversario<\/h2><div class=\"fusion-post-content-container\"><p><\/p><\/div><\/div><\/div><div class=\"fusion-clearfix\"><\/div><\/div>\n<\/article>\n<article id=\"blog-1-post-56\" class=\"fusion-post-grid has-post-thumbnail post-56 post type-post status-publish format-video hentry category-multimedia post_format-post-format-video\">\n<div class=\"fusion-post-wrapper\" style=\"background-color:rgba(255,255,255,0);border:1px solid #f2f3f5;border-bottom-width:3px;\">\n\n\t\t\t<div class=\"fusion-flexslider flexslider fusion-flexslider-loading fusion-post-slideshow\" style=\"border-color:#f2f3f5;\">\n\t\t<ul class=\"slides\">\n\t\t\t\t\t\t\t<li>\n\t\t\t\t\t<div class=\"full-video\"><iframe width=\"560\" height=\"315\" src=\"https:\/\/www.youtube.com\/embed\/QWHScn_ijfw\" frameborder=\"0\" allow=\"accelerometer; autoplay; clipboard-write; encrypted-media; gyroscope; picture-in-picture\" allowfullscreen><\/iframe><\/div>\n\t\t\t\t<\/li>\n\t\t\t\n\t\t\t\t\t\t\n\t\t\t\n\t\t\t\t\t\t\t\t\t\t\t\t\t\t\t\t\t\t\t\t\t\t\t\t\t\t\t\t\t\t\t\t\t\t\t\t\t\t\t\t\t\t\t\t\t\t\t\t\t\t\t\t\t\t\t\t\t\t\t\t\t\t\t\t\t\t\t\t<\/ul>\n\t<\/div>\n\t<div class=\"fusion-post-content-wrapper\" style=\"padding:30px 25px 25px 25px;\"><div class=\"fusion-post-content post-content\"><h2 class=\"blog-shortcode-post-title entry-title\">Cable Red Aniversario 26 a\u00f1os<\/h2><div class=\"fusion-post-content-container\"><p><\/p><\/div><\/div><\/div><div class=\"fusion-clearfix\"><\/div><\/div>\n<\/article>\n<article id=\"blog-1-post-54\" class=\"fusion-post-grid has-post-thumbnail post-54 post type-post status-publish format-video hentry category-multimedia post_format-post-format-video\">\n<div class=\"fusion-post-wrapper\" style=\"background-color:rgba(255,255,255,0);border:1px solid #f2f3f5;border-bottom-width:3px;\">\n\n\t\t\t<div class=\"fusion-flexslider flexslider fusion-flexslider-loading fusion-post-slideshow\" style=\"border-color:#f2f3f5;\">\n\t\t<ul class=\"slides\">\n\t\t\t\t\t\t\t<li>\n\t\t\t\t\t<div class=\"full-video\"><iframe width=\"560\" height=\"315\" src=\"https:\/\/www.youtube.com\/embed\/OaDRBKEeB8I\" frameborder=\"0\" allow=\"accelerometer; autoplay; clipboard-write; encrypted-media; gyroscope; picture-in-picture\" allowfullscreen><\/iframe><\/div>\n\t\t\t\t<\/li>\n\t\t\t\n\t\t\t\t\t\t\n\t\t\t\n\t\t\t\t\t\t\t\t\t\t\t\t\t\t\t\t\t\t\t\t\t\t\t\t\t\t\t\t\t\t\t\t\t\t\t\t\t\t\t\t\t\t\t\t\t\t\t\t\t\t\t\t\t\t\t\t\t\t\t\t\t\t\t\t\t\t\t\t<\/ul>\n\t<\/div>\n\t<div class=\"fusion-post-content-wrapper\" style=\"padding:30px 25px 25px 25px;\"><div class=\"fusion-post-content post-content\"><h2 class=\"blog-shortcode-post-title entry-title\">Charla Dolores de Lucchi<\/h2><div class=\"fusion-post-content-container\"><p><\/p><\/div><\/div><\/div><div class=\"fusion-clearfix\"><\/div><\/div>\n<\/article>\n<article id=\"blog-1-post-48\" class=\"fusion-post-grid has-post-thumbnail post-48 post type-post status-publish format-video hentry category-multimedia post_format-post-format-video\">\n<div class=\"fusion-post-wrapper\" style=\"background-color:rgba(255,255,255,0);border:1px solid #f2f3f5;border-bottom-width:3px;\">\n\n\t\t\t<div class=\"fusion-flexslider flexslider fusion-flexslider-loading fusion-post-slideshow\" style=\"border-color:#f2f3f5;\">\n\t\t<ul class=\"slides\">\n\t\t\t\t\t\t\t<li>\n\t\t\t\t\t<div class=\"full-video\"><iframe width=\"560\" height=\"315\" src=\"https:\/\/www.youtube.com\/embed\/nlqVB-c3VwY\" frameborder=\"0\" allow=\"accelerometer; autoplay; clipboard-write; encrypted-media; gyroscope; picture-in-picture\" allowfullscreen><\/iframe><\/div>\n\t\t\t\t<\/li>\n\t\t\t\n\t\t\t\t\t\t\n\t\t\t\n\t\t\t\t\t\t\t\t\t\t\t\t\t\t\t\t\t\t\t\t\t\t\t\t\t\t\t\t\t\t\t\t\t\t\t\t\t\t\t\t\t\t\t\t\t\t\t\t\t\t\t\t\t\t\t\t\t\t\t\t\t\t\t\t\t\t\t\t<\/ul>\n\t<\/div>\n\t<div class=\"fusion-post-content-wrapper\" style=\"padding:30px 25px 25px 25px;\"><div class=\"fusion-post-content post-content\"><h2 class=\"blog-shortcode-post-title entry-title\">Presentaci\u00f3n de Electivos de Especialidad<\/h2><div class=\"fusion-post-content-container\"><p><\/p><\/div><\/div><\/div><div class=\"fusion-clearfix\"><\/div><\/div>\n<\/article>\n<div class=\"fusion-clearfix\"><\/div><\/div><\/div><\/div><style type=\"text\/css\">.fusion-body .fusion-builder-column-0{width:100% !important;margin-top : 0px;margin-bottom : 20px;}.fusion-builder-column-0 > .fusion-column-wrapper {padding-top : 0px !important;padding-right : 0px !important;margin-right : 1.92%;padding-bottom : 0px !important;padding-left : 0px !important;margin-left : 1.92%;}@media only screen and (max-width:1024px) {.fusion-body .fusion-builder-column-0{width:100% !important;order : 0;}.fusion-builder-column-0 > .fusion-column-wrapper {margin-right : 1.92%;margin-left : 1.92%;}}@media only screen and (max-width:640px) {.fusion-body .fusion-builder-column-0{width:100% !important;order : 0;}.fusion-builder-column-0 > .fusion-column-wrapper {margin-right : 1.92%;margin-left : 1.92%;}}<\/style><\/div><\/div><style type=\"text\/css\">.fusion-body .fusion-flex-container.fusion-builder-row-1{ padding-top : 0px;margin-top : 0px;padding-right : 0px;padding-bottom : 0px;margin-bottom : 0px;padding-left : 0px;}<\/style><\/div>\n","protected":false},"excerpt":{"rendered":"","protected":false},"author":1,"featured_media":0,"parent":0,"menu_order":0,"comment_status":"closed","ping_status":"closed","template":"","meta":{"spay_email":""},"yoast_head":"<!-- This site is optimized with the Yoast SEO plugin v16.8 - https:\/\/yoast.com\/wordpress\/plugins\/seo\/ -->\n<title>ARCHIVO MULTIMEDIA &bull; Escuela Dise\u00f1o Industrial<\/title>\n<meta name=\"robots\" content=\"index, follow, max-snippet:-1, max-image-preview:large, max-video-preview:-1\" \/>\n<link rel=\"canonical\" href=\"https:\/\/edi.ubiobio.cl\/?page_id=260\" \/>\n<meta property=\"og:locale\" content=\"es_ES\" \/>\n<meta property=\"og:type\" content=\"article\" \/>\n<meta property=\"og:title\" content=\"ARCHIVO MULTIMEDIA &bull; Escuela Dise\u00f1o Industrial\" \/>\n<meta property=\"og:url\" content=\"https:\/\/edi.ubiobio.cl\/?page_id=260\" \/>\n<meta property=\"og:site_name\" content=\"Escuela Dise\u00f1o Industrial\" \/>\n<meta property=\"article:publisher\" content=\"https:\/\/www.facebook.com\/EDI.UBB\" \/>\n<meta property=\"article:modified_time\" content=\"2020-12-13T16:12:15+00:00\" \/>\n<meta name=\"twitter:card\" content=\"summary_large_image\" \/>\n<meta name=\"twitter:label1\" content=\"Tiempo de lectura\" \/>\n\t<meta name=\"twitter:data1\" content=\"3 minutos\" \/>\n<script type=\"application\/ld+json\" class=\"yoast-schema-graph\">{\"@context\":\"https:\/\/schema.org\",\"@graph\":[{\"@type\":\"Organization\",\"@id\":\"https:\/\/edi.ubiobio.cl\/#organization\",\"name\":\"Escuela de Dise\\u00f1o Industrial UBB\",\"url\":\"https:\/\/edi.ubiobio.cl\/\",\"sameAs\":[\"https:\/\/www.facebook.com\/EDI.UBB\",\"https:\/\/www.instagram.com\/disenoindustrialubb\/\",\"https:\/\/www.youtube.com\/channel\/UC7p_ldfiYRE3baHPJ7yLudw\"],\"logo\":{\"@type\":\"ImageObject\",\"@id\":\"https:\/\/edi.ubiobio.cl\/#logo\",\"inLanguage\":\"es\",\"url\":\"http:\/\/edi.ubiobio.cl\/wp-content\/uploads\/2020\/11\/edicolor2b.svg\",\"contentUrl\":\"http:\/\/edi.ubiobio.cl\/wp-content\/uploads\/2020\/11\/edicolor2b.svg\",\"width\":310,\"height\":61,\"caption\":\"Escuela de Dise\\u00f1o Industrial UBB\"},\"image\":{\"@id\":\"https:\/\/edi.ubiobio.cl\/#logo\"}},{\"@type\":\"WebSite\",\"@id\":\"https:\/\/edi.ubiobio.cl\/#website\",\"url\":\"https:\/\/edi.ubiobio.cl\/\",\"name\":\"Escuela Dise\\u00f1o Industrial\",\"description\":\"Universidad del B\\u00edo-B\\u00edo\",\"publisher\":{\"@id\":\"https:\/\/edi.ubiobio.cl\/#organization\"},\"potentialAction\":[{\"@type\":\"SearchAction\",\"target\":{\"@type\":\"EntryPoint\",\"urlTemplate\":\"https:\/\/edi.ubiobio.cl\/?s={search_term_string}\"},\"query-input\":\"required name=search_term_string\"}],\"inLanguage\":\"es\"},{\"@type\":\"WebPage\",\"@id\":\"https:\/\/edi.ubiobio.cl\/?page_id=260#webpage\",\"url\":\"https:\/\/edi.ubiobio.cl\/?page_id=260\",\"name\":\"ARCHIVO MULTIMEDIA &bull; Escuela Dise\\u00f1o Industrial\",\"isPartOf\":{\"@id\":\"https:\/\/edi.ubiobio.cl\/#website\"},\"datePublished\":\"2020-12-13T15:20:28+00:00\",\"dateModified\":\"2020-12-13T16:12:15+00:00\",\"breadcrumb\":{\"@id\":\"https:\/\/edi.ubiobio.cl\/?page_id=260#breadcrumb\"},\"inLanguage\":\"es\",\"potentialAction\":[{\"@type\":\"ReadAction\",\"target\":[\"https:\/\/edi.ubiobio.cl\/?page_id=260\"]}]},{\"@type\":\"BreadcrumbList\",\"@id\":\"https:\/\/edi.ubiobio.cl\/?page_id=260#breadcrumb\",\"itemListElement\":[{\"@type\":\"ListItem\",\"position\":1,\"name\":\"Portada\",\"item\":\"https:\/\/edi.ubiobio.cl\/\"},{\"@type\":\"ListItem\",\"position\":2,\"name\":\"ARCHIVO MULTIMEDIA\"}]}]}<\/script>\n<!-- \/ Yoast SEO plugin. -->","yoast_head_json":{"title":"ARCHIVO MULTIMEDIA &bull; Escuela Dise\u00f1o Industrial","robots":{"index":"index","follow":"follow","max-snippet":"max-snippet:-1","max-image-preview":"max-image-preview:large","max-video-preview":"max-video-preview:-1"},"canonical":"https:\/\/edi.ubiobio.cl\/?page_id=260","og_locale":"es_ES","og_type":"article","og_title":"ARCHIVO MULTIMEDIA &bull; Escuela Dise\u00f1o Industrial","og_url":"https:\/\/edi.ubiobio.cl\/?page_id=260","og_site_name":"Escuela Dise\u00f1o Industrial","article_publisher":"https:\/\/www.facebook.com\/EDI.UBB","article_modified_time":"2020-12-13T16:12:15+00:00","twitter_card":"summary_large_image","twitter_misc":{"Tiempo de lectura":"3 minutos"},"schema":{"@context":"https:\/\/schema.org","@graph":[{"@type":"Organization","@id":"https:\/\/edi.ubiobio.cl\/#organization","name":"Escuela de Dise\u00f1o Industrial UBB","url":"https:\/\/edi.ubiobio.cl\/","sameAs":["https:\/\/www.facebook.com\/EDI.UBB","https:\/\/www.instagram.com\/disenoindustrialubb\/","https:\/\/www.youtube.com\/channel\/UC7p_ldfiYRE3baHPJ7yLudw"],"logo":{"@type":"ImageObject","@id":"https:\/\/edi.ubiobio.cl\/#logo","inLanguage":"es","url":"http:\/\/edi.ubiobio.cl\/wp-content\/uploads\/2020\/11\/edicolor2b.svg","contentUrl":"http:\/\/edi.ubiobio.cl\/wp-content\/uploads\/2020\/11\/edicolor2b.svg","width":310,"height":61,"caption":"Escuela de Dise\u00f1o Industrial UBB"},"image":{"@id":"https:\/\/edi.ubiobio.cl\/#logo"}},{"@type":"WebSite","@id":"https:\/\/edi.ubiobio.cl\/#website","url":"https:\/\/edi.ubiobio.cl\/","name":"Escuela Dise\u00f1o Industrial","description":"Universidad del B\u00edo-B\u00edo","publisher":{"@id":"https:\/\/edi.ubiobio.cl\/#organization"},"potentialAction":[{"@type":"SearchAction","target":{"@type":"EntryPoint","urlTemplate":"https:\/\/edi.ubiobio.cl\/?s={search_term_string}"},"query-input":"required name=search_term_string"}],"inLanguage":"es"},{"@type":"WebPage","@id":"https:\/\/edi.ubiobio.cl\/?page_id=260#webpage","url":"https:\/\/edi.ubiobio.cl\/?page_id=260","name":"ARCHIVO MULTIMEDIA &bull; Escuela Dise\u00f1o Industrial","isPartOf":{"@id":"https:\/\/edi.ubiobio.cl\/#website"},"datePublished":"2020-12-13T15:20:28+00:00","dateModified":"2020-12-13T16:12:15+00:00","breadcrumb":{"@id":"https:\/\/edi.ubiobio.cl\/?page_id=260#breadcrumb"},"inLanguage":"es","potentialAction":[{"@type":"ReadAction","target":["https:\/\/edi.ubiobio.cl\/?page_id=260"]}]},{"@type":"BreadcrumbList","@id":"https:\/\/edi.ubiobio.cl\/?page_id=260#breadcrumb","itemListElement":[{"@type":"ListItem","position":1,"name":"Portada","item":"https:\/\/edi.ubiobio.cl\/"},{"@type":"ListItem","position":2,"name":"ARCHIVO MULTIMEDIA"}]}]}},"jetpack_sharing_enabled":true,"_links":{"self":[{"href":"http:\/\/edi.ubiobio.cl\/index.php?rest_route=\/wp\/v2\/pages\/260"}],"collection":[{"href":"http:\/\/edi.ubiobio.cl\/index.php?rest_route=\/wp\/v2\/pages"}],"about":[{"href":"http:\/\/edi.ubiobio.cl\/index.php?rest_route=\/wp\/v2\/types\/page"}],"author":[{"embeddable":true,"href":"http:\/\/edi.ubiobio.cl\/index.php?rest_route=\/wp\/v2\/users\/1"}],"replies":[{"embeddable":true,"href":"http:\/\/edi.ubiobio.cl\/index.php?rest_route=%2Fwp%2Fv2%2Fcomments&post=260"}],"version-history":[{"count":2,"href":"http:\/\/edi.ubiobio.cl\/index.php?rest_route=\/wp\/v2\/pages\/260\/revisions"}],"predecessor-version":[{"id":277,"href":"http:\/\/edi.ubiobio.cl\/index.php?rest_route=\/wp\/v2\/pages\/260\/revisions\/277"}],"wp:attachment":[{"href":"http:\/\/edi.ubiobio.cl\/index.php?rest_route=%2Fwp%2Fv2%2Fmedia&parent=260"}],"curies":[{"name":"wp","href":"https:\/\/api.w.org\/{rel}","templated":true}]}}